{"id":164,"date":"2024-04-05T20:16:16","date_gmt":"2024-04-05T18:16:16","guid":{"rendered":"https:\/\/visa2000.net\/wp-24\/?page_id=164"},"modified":"2024-04-11T17:31:35","modified_gmt":"2024-04-11T15:31:35","slug":"elementor-164","status":"publish","type":"page","link":"https:\/\/visa2000.net\/wp-24\/elementor-164\/","title":{"rendered":"Mentions l\u00e9gales"},"content":{"rendered":"<h2 style=\"text-align: center;\">Mentions l\u00e9gales<\/h2>\n<p style=\"text-align: center;\"><strong>Directeur de la publication<\/strong> :<br \/>\nJean-Claude Salhen<\/p>\n<p style=\"text-align: center;\"><strong>Nom de domaine<\/strong> :<br \/>\nvisa2000.net<\/p>\n<p style=\"text-align: center;\"><strong>Objet<\/strong> :<br \/>\nAssociation ouverte aux plus de 50 ans<\/p>\n<p style=\"text-align: center;\"><strong>Propri\u00e9taire<\/strong> :<br \/>\nVISA 2000<br \/>\n30 rue des Acacias<br \/>\n30100 Al\u00e8s<\/p>\n<p style=\"text-align: center;\">Le pr\u00e9sent site n&rsquo;a pas fait l&rsquo;objet d&rsquo;une d\u00e9claration \u00e0 la CNIL.<\/p>\n<p style=\"text-align: center;\">Conform\u00e9ment \u00e0 la Loi Informatique et Libert\u00e9s du 6 janvier 1978, vous disposez d\u2019un droit d\u2019acc\u00e8s et de<br \/>\nrectification aux donn\u00e9es personnelles vous concernant.<br \/>\nSi vous souhaitez exercer ce droit il vous suffit de nous \u00e9crire \u00e0 l&rsquo;adresse indiqu\u00e9e ci-dessus ou envoyer un<br \/>\ncourrier \u00e9lectronique \u00e0 :<br \/>\nvisa2000ales@gmail.com<\/p>\n","protected":false},"excerpt":{"rendered":"<p>Mentions l\u00e9gales Directeur de la publication : Jean-Claude Salhen Nom de domaine : visa2000.net Objet : Association ouverte aux plus [&hellip;]<\/p>\n","protected":false},"author":1,"featured_media":0,"parent":0,"menu_order":0,"comment_status":"closed","ping_status":"closed","template":"","meta":{"site-sidebar-layout":"no-sidebar","site-content-layout":"","ast-site-content-layout":"full-width-container","site-content-style":"default","site-sidebar-style":"default","ast-global-header-display":"","ast-banner-title-visibility":"","ast-main-header-display":"","ast-hfb-above-header-display":"","ast-hfb-below-header-display":"","ast-hfb-mobile-header-display":"","site-post-title":"disabled","ast-breadcrumbs-content":"","ast-featured-img":"disabled","footer-sml-layout":"","ast-disable-related-posts":"","theme-transparent-header-meta":"","adv-header-id-meta":"","stick-header-meta":"","header-above-stick-meta":"","header-main-stick-meta":"","header-below-stick-meta":"","astra-migrate-meta-layouts":"default","ast-page-background-enabled":"default","ast-page-background-meta":{"desktop":{"background-color":"var(--ast-global-color-4)","background-image":"","background-repeat":"repeat","background-position":"center center","background-size":"auto","background-attachment":"scroll","background-type":"","background-media":"","overlay-type":"","overlay-color":"","overlay-opacity":"","overlay-gradient":""},"tablet":{"background-color":"","background-image":"","background-repeat":"repeat","background-position":"center center","background-size":"auto","background-attachment":"scroll","background-type":"","background-media":"","overlay-type":"","overlay-color":"","overlay-opacity":"","overlay-gradient":""},"mobile":{"background-color":"","background-image":"","background-repeat":"repeat","background-position":"center center","background-size":"auto","background-attachment":"scroll","background-type":"","background-media":"","overlay-type":"","overlay-color":"","overlay-opacity":"","overlay-gradient":""}},"ast-content-background-meta":{"desktop":{"background-color":"var(--ast-global-color-5)","background-image":"","background-repeat":"repeat","background-position":"center center","background-size":"auto","background-attachment":"scroll","background-type":"","background-media":"","overlay-type":"","overlay-color":"","overlay-opacity":"","overlay-gradient":""},"tablet":{"background-color":"var(--ast-global-color-5)","background-image":"","background-repeat":"repeat","background-position":"center center","background-size":"auto","background-attachment":"scroll","background-type":"","background-media":"","overlay-type":"","overlay-color":"","overlay-opacity":"","overlay-gradient":""},"mobile":{"background-color":"var(--ast-global-color-5)","background-image":"","background-repeat":"repeat","background-position":"center center","background-size":"auto","background-attachment":"scroll","background-type":"","background-media":"","overlay-type":"","overlay-color":"","overlay-opacity":"","overlay-gradient":""}},"footnotes":""},"class_list":["post-164","page","type-page","status-publish","hentry"],"_links":{"self":[{"href":"https:\/\/visa2000.net\/wp-24\/wp-json\/wp\/v2\/pages\/164","targetHints":{"allow":["GET"]}}],"collection":[{"href":"https:\/\/visa2000.net\/wp-24\/wp-json\/wp\/v2\/pages"}],"about":[{"href":"https:\/\/visa2000.net\/wp-24\/wp-json\/wp\/v2\/types\/page"}],"author":[{"embeddable":true,"href":"https:\/\/visa2000.net\/wp-24\/wp-json\/wp\/v2\/users\/1"}],"replies":[{"embeddable":true,"href":"https:\/\/visa2000.net\/wp-24\/wp-json\/wp\/v2\/comments?post=164"}],"version-history":[{"count":7,"href":"https:\/\/visa2000.net\/wp-24\/wp-json\/wp\/v2\/pages\/164\/revisions"}],"predecessor-version":[{"id":482,"href":"https:\/\/visa2000.net\/wp-24\/wp-json\/wp\/v2\/pages\/164\/revisions\/482"}],"wp:attachment":[{"href":"https:\/\/visa2000.net\/wp-24\/wp-json\/wp\/v2\/media?parent=164"}],"curies":[{"name":"wp","href":"https:\/\/api.w.org\/{rel}","templated":true}]}}